{"id":2,"date":"2025-06-13T17:34:18","date_gmt":"2025-06-13T17:34:18","guid":{"rendered":"https:\/\/monchiquecan.pt\/?page_id=2"},"modified":"2025-07-04T14:14:17","modified_gmt":"2025-07-04T14:14:17","slug":"home","status":"publish","type":"page","link":"https:\/\/monchiquecan.pt\/","title":{"rendered":"Home"},"content":{"rendered":"\t\t<div data-elementor-type=\"wp-page\" data-elementor-id=\"2\" class=\"elementor elementor-2\">\n\t\t\t\t<div class=\"elementor-element elementor-element-a4f6688 e-con-full e-flex e-con e-parent\" data-id=\"a4f6688\" data-element_type=\"container\">\n\t\t\t\t<div class=\"elementor-element elementor-element-274a6de elementor-widget elementor-widget-banner\" data-id=\"274a6de\" data-element_type=\"widget\" data-widget_type=\"banner.default\">\n\t\t\t\t<div class=\"elementor-widget-container\">\n\t\t\t\t\t        <div class=\"banner\">\n            <div class=\"container\">\n                <div class=\"row\">\n                    <div class=\"col-xl-5 col-lg-6 order-lg-1 order-2\">\n                        <div class=\"image-wrapper\">\n                            <span class=\"img\">\n                                <span class=\"circle-orange\" data-aos=\"fade-up\" data-aos-duration=\"400\" data-aos=\"fade-up\">\n                                    <span class=\"text\" data-aos=\"fade-up\" data-aos-duration=\"400\" data-aos-delay=\"400\" data-aos=\"fade-up\">J\u00e1 <br> Dispon\u00edvel<\/span>\n                                <\/span>\n                                <img decoding=\"async\" data-src=\"https:\/\/monchiquecan.pt\/wp-content\/uploads\/2025\/06\/garrafas.png\" alt=\"Garrafas\" data-aos=\"fade-up\" data-aos-duration=\"400\" data-aos-delay=\"400\" data-aos=\"fade-up\" src=\"data:image\/svg+xml;base64,PHN2ZyB3aWR0aD0iMSIgaGVpZ2h0PSIxIiB4bWxucz0iaHR0cDovL3d3dy53My5vcmcvMjAwMC9zdmciPjwvc3ZnPg==\" class=\"lazyload\" style=\"--smush-placeholder-width: 1285px; --smush-placeholder-aspect-ratio: 1285\/1965;\">\n                            <\/span>\n                        <\/div>\n                    <\/div>\n                    <div class=\"col-xl-7 col-lg-6 order-lg-2 order-1\">\n                        <div class=\"text-wrapper\">\n                            <h1 data-aos=\"fade-up\" data-aos-duration=\"400\">\n                                <img decoding=\"async\" data-src=\"https:\/\/monchiquecan.pt\/wp-content\/uploads\/2025\/06\/monchique-logo.png\" alt=\"Monchique\" src=\"data:image\/svg+xml;base64,PHN2ZyB3aWR0aD0iMSIgaGVpZ2h0PSIxIiB4bWxucz0iaHR0cDovL3d3dy53My5vcmcvMjAwMC9zdmciPjwvc3ZnPg==\" class=\"lazyload\" style=\"--smush-placeholder-width: 952px; --smush-placeholder-aspect-ratio: 952\/472;\">\n                            <\/h1>\n                            <h2 data-aos=\"fade-up\" data-aos-duration=\"400\" data-aos-delay=\"500\">\n                                <img decoding=\"async\" data-src=\"https:\/\/monchiquecan.pt\/wp-content\/uploads\/2025\/06\/monchiquecan.png\" alt=\"Monchique Can\" src=\"data:image\/svg+xml;base64,PHN2ZyB3aWR0aD0iMSIgaGVpZ2h0PSIxIiB4bWxucz0iaHR0cDovL3d3dy53My5vcmcvMjAwMC9zdmciPjwvc3ZnPg==\" class=\"lazyload\" style=\"--smush-placeholder-width: 1011px; --smush-placeholder-aspect-ratio: 1011\/249;\">\n                            <\/h2>\n                            <p data-aos=\"fade-up\" data-aos-duration=\"400\" data-aos-delay=\"600\">A sua \u00c1gua Monchique agora <br>\nnuma garrafa de alum\u00ednio.<\/p>\n                            <a href=\"https:\/\/www.aguamonchique.store\/pt\/loja-online\/produto\/monchique-can-500ml-caixa-12-unidades\" class=\"btn\" data-aos=\"fade-up\" data-aos-duration=\"400\" data-aos-delay=\"800\">COMPRE AQUI<\/a>\n                        <\/div>\n                    <\/div>\n                <\/div>\n            <\/div>\n        <\/div>\n    \t\t\t\t<\/div>\n\t\t\t\t<\/div>\n\t\t\t\t<div class=\"elementor-element elementor-element-890670f elementor-widget elementor-widget-blue-section\" data-id=\"890670f\" data-element_type=\"widget\" data-widget_type=\"blue-section.default\">\n\t\t\t\t<div class=\"elementor-widget-container\">\n\t\t\t\t\t        <div class=\"blue-section\" data-aos=\"fade-up\" data-aos-duration=\"400\">\n            <div class=\"container\">\n                <span data-aos=\"fade-up\" data-aos-duration=\"400\" data-aos-delay=\"400\">\n                    <span class=\"orange-circle\">\n                        <span class=\"plane\" data-aos=\"fade-right\" data-aos-duration=\"400\" data-aos-delay=\"800\"><\/span>\n                    <\/span>\n                <\/span>\n                <div class=\"row\">\n                    <div class=\"col-xl-10 offset-xl-1\">\n                        <div class=\"text-wrapper\">\n                            <h2 data-aos=\"fade-up\" data-aos-duration=\"400\" data-aos-delay=\"400\">MONCHIQUE CAN<\/h2>\n                            <h3 data-aos=\"fade-up\" data-aos-duration=\"400\" data-aos-delay=\"800\">HIDRATA\u00c7\u00c3O ALCALINA <br>\nQUE ALIA DESIGN E <br>\nINOVA\u00c7\u00c3O SUSTENT\u00c1VEL<\/h3>\n                            <p data-aos=\"fade-up\" data-aos-duration=\"400\" data-aos-delay=\"1200\">A \u00c1gua Monchique apresenta uma nova forma de consumir a \u00e1gua mineral natural mais alcalina de Portugal, com consci\u00eancia, eleg\u00e2ncia e prop\u00f3sito.\n<br><br>\nA Monchique Can \u00e9 a primeira garrafa de \u00e1gua portuguesa em alum\u00ednio e oferece uma nova experi\u00eancia de consumo a todos quantos ambicionam reduzir o impacto ambiental. Mais do que uma embalagem, \u00e9 um convite \u00e0 ado\u00e7\u00e3o de novos h\u00e1bitos de consumo, onde o bem-estar do corpo e do planeta se fundem. <\/p>\n                        <\/div>\n                    <\/div>\n                <\/div>\n            <\/div>\n        <\/div>\n    \t\t\t\t<\/div>\n\t\t\t\t<\/div>\n\t\t\t\t<div class=\"elementor-element elementor-element-e13d044 elementor-widget elementor-widget-purple-section\" data-id=\"e13d044\" data-element_type=\"widget\" data-widget_type=\"purple-section.default\">\n\t\t\t\t<div class=\"elementor-widget-container\">\n\t\t\t\t\t        <div class=\"purple-section\" data-aos=\"fade-up\" data-aos-duration=\"400\">\n            <div class=\"container\">\n                <span data-aos=\"fade-up\" data-aos-duration=\"400\" data-aos-delay=\"400\">\n                    <span class=\"green-circle\">\n                    <\/span>\n                <\/span>\n                <div class=\"content-wrapper\">\n                                            <div class=\"item \" data-aos=\"fade-left\" data-aos-duration=\"400\" data-aos-delay=\"400\">\n                            <div class=\"row\">\n                                <div class=\"col-xl-4 col-lg-5 \">\n                                    <div class=\"video-wrapper\" data-aos=\"fade-right\" data-aos-duration=\"400\" data-aos-delay=\"800\">\n                                        <div>\n                                            <span class=\"element\" style=\"background-image:url();\" data-aos=\"fade-up\" data-aos-duration=\"400\" data-aos-delay=\"1600\"><\/span>\n                                            <img decoding=\"async\" data-src=\"https:\/\/monchiquecan.pt\/wp-content\/uploads\/2025\/07\/garrafa_verde.webp\" alt=\"\" src=\"data:image\/svg+xml;base64,PHN2ZyB3aWR0aD0iMSIgaGVpZ2h0PSIxIiB4bWxucz0iaHR0cDovL3d3dy53My5vcmcvMjAwMC9zdmciPjwvc3ZnPg==\" class=\"lazyload\" style=\"--smush-placeholder-width: 540px; --smush-placeholder-aspect-ratio: 540\/960;\">\n                                             <!-- class=\"d-none d-lg-block\"\n                                            <img decoding=\"async\" data-src=\"https:\/\/monchiquecan.pt\/wp-content\/uploads\/2025\/07\/garrafa_verde.png\" alt=\"\" class=\"d-block d-lg-none lazyload\" src=\"data:image\/svg+xml;base64,PHN2ZyB3aWR0aD0iMSIgaGVpZ2h0PSIxIiB4bWxucz0iaHR0cDovL3d3dy53My5vcmcvMjAwMC9zdmciPjwvc3ZnPg==\" style=\"--smush-placeholder-width: 540px; --smush-placeholder-aspect-ratio: 540\/960;\"> -->\n                                        <\/div>\n                                    <\/div>\n                                <\/div>\n                                <div class=\"col-xl-6 col-lg-6 col-12 order-2 order-lg-1\">\n                                    <div class=\"text\">\n                                        <h2 data-aos=\"fade-up\" data-aos-duration=\"400\" data-aos-delay=\"800\">100% recicl\u00e1vel e reutiliz\u00e1vel  <\/h2>\n                                        <p data-aos=\"fade-up\" data-aos-duration=\"400\" data-aos-delay=\"800\">Feita em alum\u00ednio 100% e infinitamente recicl\u00e1vel, reutiliz\u00e1vel e livre de BPA, a Monchique Can alia leveza e um excelente comportamento t\u00e9rmico, mantendo a \u00e1gua fresca por mais tempo. \u00c9 a companhia ideal para todos os momentos do dia. <\/p>\n                                    <\/div>\n                                <\/div>\n                            <\/div>\n                        <\/div>\n                                            <div class=\"item text-left\" data-aos=\"fade-right\" data-aos-duration=\"400\" data-aos-delay=\"400\">\n                            <div class=\"row\">\n                                <div class=\"col-xl-4 col-lg-5 order-1 order-lg-2\">\n                                    <div class=\"video-wrapper\" data-aos=\"fade-right\" data-aos-duration=\"400\" data-aos-delay=\"800\">\n                                        <div>\n                                            <span class=\"element\" style=\"background-image:url();\" data-aos=\"fade-up\" data-aos-duration=\"400\" data-aos-delay=\"1600\"><\/span>\n                                            <img decoding=\"async\" data-src=\"https:\/\/monchiquecan.pt\/wp-content\/uploads\/2025\/07\/garrafa_azul.webp\" alt=\"\" src=\"data:image\/svg+xml;base64,PHN2ZyB3aWR0aD0iMSIgaGVpZ2h0PSIxIiB4bWxucz0iaHR0cDovL3d3dy53My5vcmcvMjAwMC9zdmciPjwvc3ZnPg==\" class=\"lazyload\" style=\"--smush-placeholder-width: 540px; --smush-placeholder-aspect-ratio: 540\/960;\">\n                                             <!-- class=\"d-none d-lg-block\"\n                                            <img decoding=\"async\" data-src=\"https:\/\/monchiquecan.pt\/wp-content\/uploads\/2025\/07\/garrafa_azul.png\" alt=\"\" class=\"d-block d-lg-none lazyload\" src=\"data:image\/svg+xml;base64,PHN2ZyB3aWR0aD0iMSIgaGVpZ2h0PSIxIiB4bWxucz0iaHR0cDovL3d3dy53My5vcmcvMjAwMC9zdmciPjwvc3ZnPg==\" style=\"--smush-placeholder-width: 540px; --smush-placeholder-aspect-ratio: 540\/960;\"> -->\n                                        <\/div>\n                                    <\/div>\n                                <\/div>\n                                <div class=\"col-xl-6 offset-xl-2 col-lg-6 offset-lg-1 col-12 order-2 order-lg-1\">\n                                    <div class=\"text\">\n                                        <h2 data-aos=\"fade-up\" data-aos-duration=\"400\" data-aos-delay=\"800\">Eleg\u00e2ncia eco-friendly <\/h2>\n                                        <p data-aos=\"fade-up\" data-aos-duration=\"400\" data-aos-delay=\"800\">Com tr\u00eas designs exclusivos e sofisticados, a Monchique Can une hidrata\u00e7\u00e3o, conveni\u00eancia e estilo. Mais do que pr\u00e1tica, \u00e9 um statement de eleg\u00e2ncia eco-friendly. Parceira do EcoPack Monchique 10 Litros, foi pensada para facilitar o refill e promover um estilo de vida ativo, saud\u00e1vel e consciente.<\/p>\n                                    <\/div>\n                                <\/div>\n                            <\/div>\n                        <\/div>\n                                            <div class=\"item \" data-aos=\"fade-left\" data-aos-duration=\"400\" data-aos-delay=\"400\">\n                            <div class=\"row\">\n                                <div class=\"col-xl-4 col-lg-5 \">\n                                    <div class=\"video-wrapper\" data-aos=\"fade-right\" data-aos-duration=\"400\" data-aos-delay=\"800\">\n                                        <div>\n                                            <span class=\"element lazyload\" style=\"background-image:inherit;\" data-aos=\"fade-up\" data-aos-duration=\"400\" data-aos-delay=\"1600\" data-bg-image=\"url(https:\/\/monchiquecan.pt\/wp-content\/uploads\/2025\/06\/butterfly.png)\"><\/span>\n                                            <img decoding=\"async\" data-src=\"https:\/\/monchiquecan.pt\/wp-content\/uploads\/2025\/07\/garrafa_vermelha.webp\" alt=\"\" src=\"data:image\/svg+xml;base64,PHN2ZyB3aWR0aD0iMSIgaGVpZ2h0PSIxIiB4bWxucz0iaHR0cDovL3d3dy53My5vcmcvMjAwMC9zdmciPjwvc3ZnPg==\" class=\"lazyload\" style=\"--smush-placeholder-width: 540px; --smush-placeholder-aspect-ratio: 540\/960;\">\n                                             <!-- class=\"d-none d-lg-block\"\n                                            <img decoding=\"async\" data-src=\"https:\/\/monchiquecan.pt\/wp-content\/uploads\/2025\/07\/garrafa_vermelho.png\" alt=\"\" class=\"d-block d-lg-none lazyload\" src=\"data:image\/svg+xml;base64,PHN2ZyB3aWR0aD0iMSIgaGVpZ2h0PSIxIiB4bWxucz0iaHR0cDovL3d3dy53My5vcmcvMjAwMC9zdmciPjwvc3ZnPg==\" style=\"--smush-placeholder-width: 540px; --smush-placeholder-aspect-ratio: 540\/960;\"> -->\n                                        <\/div>\n                                    <\/div>\n                                <\/div>\n                                <div class=\"col-xl-6 col-lg-6 col-12 order-2 order-lg-1\">\n                                    <div class=\"text\">\n                                        <h2 data-aos=\"fade-up\" data-aos-duration=\"400\" data-aos-delay=\"800\">Compromisso com o presente e o futuro <\/h2>\n                                        <p data-aos=\"fade-up\" data-aos-duration=\"400\" data-aos-delay=\"800\">A Monchique Can representa um marco na transi\u00e7\u00e3o ecol\u00f3gica, reafirmando o papel ativo da \u00c1gua Monchique na constru\u00e7\u00e3o de um futuro mais sustent\u00e1vel. Numa \u00e9poca onde cada gesto conta, esta inova\u00e7\u00e3o \u00e9 tamb\u00e9m um convite \u00e0 a\u00e7\u00e3o coletiva, rumo a um consumo respons\u00e1vel, duradouro e equilibrado.<\/p>\n                                    <\/div>\n                                <\/div>\n                            <\/div>\n                        <\/div>\n                                    <\/div>\n            <\/div>\n        <\/div>\n\t\t\t\t<\/div>\n\t\t\t\t<\/div>\n\t\t\t\t<div class=\"elementor-element elementor-element-84a5973 elementor-widget elementor-widget-footer\" data-id=\"84a5973\" data-element_type=\"widget\" data-widget_type=\"footer.default\">\n\t\t\t\t<div class=\"elementor-widget-container\">\n\t\t\t\t\t        <footer data-aos=\"fade-up\" data-aos-duration=\"400\">\n            <div class=\"container\">\n                <span data-aos=\"fade-up\" data-aos-duration=\"400\" data-aos-delay=\"400\">\n                    <span class=\"orange-circle\">\n                        <span class=\"clouds\" data-aos=\"fade-right\" data-aos-duration=\"400\" data-aos-delay=\"1200\"><\/span>\n                    <\/span>\n                <\/span>\n                <div class=\"footer-wrapper\" data-aos=\"fade-up\" data-aos-duration=\"400\" data-aos-delay=\"800\">\n                    <p><a href=\"mailto:MARKETING@AGUAMONCHIQUE.PT\">MARKETING@AGUAMONCHIQUE.PT<\/a><\/p>\n                    <div class=\"social-media\">\n                                                    <a class=\"icon icon-facebook\" href=\"https:\/\/www.facebook.com\/aguamonchique\" target=\"_blank\" rel=\"noopener noreferrer\">Facebook<\/a>\n                                                                            <a class=\"icon icon-instagram\" href=\"https:\/\/www.instagram.com\/aguamonchique\" target=\"_blank\" rel=\"noopener noreferrer\">Instagram<\/a>\n                                                                            <a class=\"icon icon-linkedin\" href=\"https:\/\/www.linkedin.com\/company\/aguamonchique\" target=\"_blank\" rel=\"noopener noreferrer\">LinkedIn<\/a>\n                                                                            <a class=\"icon icon-youtube\" href=\"https:\/\/www.youtube.com\/@aguamonchique9041\" target=\"_blank\" rel=\"noopener noreferrer\">YouTube<\/a>\n                                                                            <a class=\"icon icon-tiktok\" href=\"https:\/\/www.tiktok.com\/@agua.monchique\" target=\"_blank\" rel=\"noopener noreferrer\">Tiktok<\/a>\n                                                <div class=\"website\">\n                            <a href=\"https:\/\/aguamonchique.pt\/\" target=\"_blank\" rel=\"noopener noreferrer\">aguamonchique.pt<\/a>\n                        <\/div>\n                    <\/div>\n                    <p class=\"copyright\">\n                        <a href=\"https:\/\/www.livroreclamacoes.pt\/Inicio\/\" target=\"_blank\" rel=\"noopener noreferrer\">Livro de Reclama\u00e7\u00f5es<\/a> |\n                        <a href=\"https:\/\/aguamonchique.pt\/index.php?id=74&#038;_gl=1*gle5tf*_gcl_au*MjEyNzA1OTM3Mi4xNzQ0MTkxNDc2\" target=\"_blank\" rel=\"noopener noreferrer\">Termos & Pol\u00edtica de Privacidade<\/a> |\n                        <a href=\"https:\/\/aguamonchique.pt\/index.php?id=158\" target=\"_blank\" rel=\"noopener noreferrer\">Canal de Den\u00fancias<\/a>\n                    <\/p>\n                    <p class=\"copyright\">\u00a9 2026 \u00c1GUA MONCHIQUE | TODOS OS DIREITOS RESERVADOS<\/p>\n                    <a href=\"https:\/\/aguamonchique.pt\/\" target=\"_blank\" rel=\"nofollow\">\n                        <img decoding=\"async\" data-src=\"https:\/\/monchiquecan.pt\/wp-content\/uploads\/2025\/06\/monchique-logo-branco.png\" alt=\"Monchique\" width=\"165\" src=\"data:image\/svg+xml;base64,PHN2ZyB3aWR0aD0iMSIgaGVpZ2h0PSIxIiB4bWxucz0iaHR0cDovL3d3dy53My5vcmcvMjAwMC9zdmciPjwvc3ZnPg==\" class=\"lazyload\" style=\"--smush-placeholder-width: 327px; --smush-placeholder-aspect-ratio: 327\/152;\">\n                    <\/a>\n                <\/div>\n            <\/div>\n        <\/footer>\n\t\t\t\t<\/div>\n\t\t\t\t<\/div>\n\t\t\t\t<\/div>\n\t\t\t\t<\/div>\n\t\t","protected":false},"excerpt":{"rendered":"<p>J\u00e1 Dispon\u00edvel A sua \u00c1gua Monchique agora numa garrafa de alum\u00ednio. COMPRE AQUI MONCHIQUE CAN HIDRATA\u00c7\u00c3O ALCALINA QUE ALIA DESIGN E INOVA\u00c7\u00c3O SUSTENT\u00c1VEL A \u00c1gua Monchique apresenta uma nova forma de consumir a \u00e1gua mineral natural mais alcalina de Portugal, com consci\u00eancia, eleg\u00e2ncia e prop\u00f3sito. A Monchique Can \u00e9 a primeira garrafa de \u00e1gua portuguesa [&hellip;]<\/p>\n","protected":false},"author":1,"featured_media":0,"parent":0,"menu_order":0,"comment_status":"closed","ping_status":"closed","template":"","meta":{"footnotes":""},"class_list":["post-2","page","type-page","status-publish","hentry"],"_links":{"self":[{"href":"https:\/\/monchiquecan.pt\/index.php?rest_route=\/wp\/v2\/pages\/2","targetHints":{"allow":["GET"]}}],"collection":[{"href":"https:\/\/monchiquecan.pt\/index.php?rest_route=\/wp\/v2\/pages"}],"about":[{"href":"https:\/\/monchiquecan.pt\/index.php?rest_route=\/wp\/v2\/types\/page"}],"author":[{"embeddable":true,"href":"https:\/\/monchiquecan.pt\/index.php?rest_route=\/wp\/v2\/users\/1"}],"replies":[{"embeddable":true,"href":"https:\/\/monchiquecan.pt\/index.php?rest_route=%2Fwp%2Fv2%2Fcomments&post=2"}],"version-history":[{"count":27,"href":"https:\/\/monchiquecan.pt\/index.php?rest_route=\/wp\/v2\/pages\/2\/revisions"}],"predecessor-version":[{"id":71,"href":"https:\/\/monchiquecan.pt\/index.php?rest_route=\/wp\/v2\/pages\/2\/revisions\/71"}],"wp:attachment":[{"href":"https:\/\/monchiquecan.pt\/index.php?rest_route=%2Fwp%2Fv2%2Fmedia&parent=2"}],"curies":[{"name":"wp","href":"https:\/\/api.w.org\/{rel}","templated":true}]}}